{"id":39,"date":"2024-02-21T14:26:17","date_gmt":"2024-02-21T13:26:17","guid":{"rendered":"https:\/\/fuiteau.com\/?page_id=39"},"modified":"2024-10-02T09:29:02","modified_gmt":"2024-10-02T07:29:02","slug":"accueil","status":"publish","type":"page","link":"https:\/\/fuiteau.com\/","title":{"rendered":"Accueil"},"content":{"rendered":"\t\t<div data-elementor-type=\"wp-page\" data-elementor-id=\"39\" class=\"elementor elementor-39\">\n\t\t\t\t\t\t<section class=\"elementor-section elementor-top-section elementor-element elementor-element-76d8ade elementor-section-boxed elementor-section-height-default elementor-section-height-default\" data-id=\"76d8ade\" data-element_type=\"section\" data-e-type=\"section\">\n\t\t\t\t\t\t<div class=\"elementor-container elementor-column-gap-default\">\n\t\t\t\t\t<div class=\"elementor-column elementor-col-100 elementor-top-column elementor-element elementor-element-9e6469a\" data-id=\"9e6469a\" data-element_type=\"column\" data-e-type=\"column\">\n\t\t\t<div class=\"elementor-widget-wrap elementor-element-populated\">\n\t\t\t\t\t\t<div class=\"elementor-element elementor-element-62f0067 elementor-widget elementor-widget-spacer\" data-id=\"62f0067\" data-element_type=\"widget\" data-e-type=\"widget\" data-widget_type=\"spacer.default\">\n\t\t\t\t<div class=\"elementor-widget-container\">\n\t\t\t\t\t\t\t<div class=\"elementor-spacer\">\n\t\t\t<div class=\"elementor-spacer-inner\"><\/div>\n\t\t<\/div>\n\t\t\t\t\t\t<\/div>\n\t\t\t\t<\/div>\n\t\t\t\t\t<\/div>\n\t\t<\/div>\n\t\t\t\t\t<\/div>\n\t\t<\/section>\n\t\t\t\t<section class=\"elementor-section elementor-top-section elementor-element elementor-element-51be419 elementor-section-boxed elementor-section-height-default elementor-section-height-default\" data-id=\"51be419\" data-element_type=\"section\" data-e-type=\"section\">\n\t\t\t\t\t\t<div class=\"elementor-container elementor-column-gap-default\">\n\t\t\t\t\t<div class=\"elementor-column elementor-col-100 elementor-top-column elementor-element elementor-element-d84670f\" data-id=\"d84670f\" data-element_type=\"column\" data-e-type=\"column\">\n\t\t\t<div class=\"elementor-widget-wrap elementor-element-populated\">\n\t\t\t\t\t\t<div class=\"elementor-element elementor-element-f389923 elementor-widget elementor-widget-spacer\" data-id=\"f389923\" data-element_type=\"widget\" data-e-type=\"widget\" data-widget_type=\"spacer.default\">\n\t\t\t\t<div class=\"elementor-widget-container\">\n\t\t\t\t\t\t\t<div class=\"elementor-spacer\">\n\t\t\t<div class=\"elementor-spacer-inner\"><\/div>\n\t\t<\/div>\n\t\t\t\t\t\t<\/div>\n\t\t\t\t<\/div>\n\t\t\t\t\t<\/div>\n\t\t<\/div>\n\t\t\t\t\t<\/div>\n\t\t<\/section>\n\t\t\t\t<\/div>\n\t\t","protected":false},"excerpt":{"rendered":"","protected":false},"author":1,"featured_media":0,"parent":0,"menu_order":0,"comment_status":"closed","ping_status":"closed","template":"templates\/homepage-template.php","meta":{"footnotes":""},"class_list":["post-39","page","type-page","status-publish","hentry"],"yoast_head":"<!-- This site is optimized with the Yoast SEO plugin v26.9 - https:\/\/yoast.com\/product\/yoast-seo-wordpress\/ -->\n<title>Accueil - Fuit&#039;Eau<\/title>\n<meta name=\"description\" content=\"Fuit\u2019Eau, sous la direction de Marc Paquis, est une entreprise experte dans la d\u00e9tection non destructive des fuites d\u2019eau et la gestion des sinistres li\u00e9s aux d\u00e9g\u00e2ts des eaux. Gr\u00e2ce \u00e0 notre savoir-faire, nous offrons des interventions rapides et efficaces, r\u00e9duisant ainsi les impacts sur votre habitation ou vos locaux professionnels, et nous intervenons dans tout le Grand Est.Notre m\u00e9thode de recherche de fuites est l&#039;un de nos atouts majeurs : elle permet de localiser les fuites sans endommager vos murs ni vos installations. En choisissant Fuit\u2019Eau, vous faites le choix d\u2019une approche respectueuse de votre espace, tout en b\u00e9n\u00e9ficiant d\u2019un diagnostic pr\u00e9cis.Nous proposons des devis gratuits, vous assurant une estimation claire et transparente des travaux \u00e0 r\u00e9aliser. Fuit\u2019Eau s\u2019engage \u00e0 vous accompagner \u00e0 chaque \u00e9tape, de l\u2019identification du probl\u00e8me \u00e0 sa r\u00e9solution, pour vous garantir une tranquillit\u00e9 d\u2019esprit face aux impr\u00e9vus.Avec une r\u00e9putation solide fond\u00e9e sur la confiance et la qualit\u00e9 de service, Fuit\u2019Eau est votre partenaire privil\u00e9gi\u00e9 pour faire face aux sinistres li\u00e9s aux d\u00e9g\u00e2ts des eaux.\" \/>\n<meta name=\"robots\" content=\"index, follow, max-snippet:-1, max-image-preview:large, max-video-preview:-1\" \/>\n<link rel=\"canonical\" href=\"https:\/\/fuiteau.com\/\" \/>\n<meta property=\"og:locale\" content=\"fr_FR\" \/>\n<meta property=\"og:type\" content=\"article\" \/>\n<meta property=\"og:title\" content=\"Accueil - Fuit&#039;Eau\" \/>\n<meta property=\"og:description\" content=\"Fuit\u2019Eau, sous la direction de Marc Paquis, est une entreprise experte dans la d\u00e9tection non destructive des fuites d\u2019eau et la gestion des sinistres li\u00e9s aux d\u00e9g\u00e2ts des eaux. Gr\u00e2ce \u00e0 notre savoir-faire, nous offrons des interventions rapides et efficaces, r\u00e9duisant ainsi les impacts sur votre habitation ou vos locaux professionnels, et nous intervenons dans tout le Grand Est.Notre m\u00e9thode de recherche de fuites est l&#039;un de nos atouts majeurs : elle permet de localiser les fuites sans endommager vos murs ni vos installations. En choisissant Fuit\u2019Eau, vous faites le choix d\u2019une approche respectueuse de votre espace, tout en b\u00e9n\u00e9ficiant d\u2019un diagnostic pr\u00e9cis.Nous proposons des devis gratuits, vous assurant une estimation claire et transparente des travaux \u00e0 r\u00e9aliser. Fuit\u2019Eau s\u2019engage \u00e0 vous accompagner \u00e0 chaque \u00e9tape, de l\u2019identification du probl\u00e8me \u00e0 sa r\u00e9solution, pour vous garantir une tranquillit\u00e9 d\u2019esprit face aux impr\u00e9vus.Avec une r\u00e9putation solide fond\u00e9e sur la confiance et la qualit\u00e9 de service, Fuit\u2019Eau est votre partenaire privil\u00e9gi\u00e9 pour faire face aux sinistres li\u00e9s aux d\u00e9g\u00e2ts des eaux.\" \/>\n<meta property=\"og:url\" content=\"https:\/\/fuiteau.com\/\" \/>\n<meta property=\"og:site_name\" content=\"Fuit&#039;Eau\" \/>\n<meta property=\"article:modified_time\" content=\"2024-10-02T07:29:02+00:00\" \/>\n<meta name=\"twitter:card\" content=\"summary_large_image\" \/>\n<script type=\"application\/ld+json\" class=\"yoast-schema-graph\">{\"@context\":\"https:\/\/schema.org\",\"@graph\":[{\"@type\":\"WebPage\",\"@id\":\"https:\/\/fuiteau.com\/\",\"url\":\"https:\/\/fuiteau.com\/\",\"name\":\"Accueil - Fuit&#039;Eau\",\"isPartOf\":{\"@id\":\"https:\/\/fuiteau.com\/#website\"},\"datePublished\":\"2024-02-21T13:26:17+00:00\",\"dateModified\":\"2024-10-02T07:29:02+00:00\",\"description\":\"Fuit\u2019Eau, sous la direction de Marc Paquis, est une entreprise experte dans la d\u00e9tection non destructive des fuites d\u2019eau et la gestion des sinistres li\u00e9s aux d\u00e9g\u00e2ts des eaux. Gr\u00e2ce \u00e0 notre savoir-faire, nous offrons des interventions rapides et efficaces, r\u00e9duisant ainsi les impacts sur votre habitation ou vos locaux professionnels, et nous intervenons dans tout le Grand Est.Notre m\u00e9thode de recherche de fuites est l'un de nos atouts majeurs : elle permet de localiser les fuites sans endommager vos murs ni vos installations. En choisissant Fuit\u2019Eau, vous faites le choix d\u2019une approche respectueuse de votre espace, tout en b\u00e9n\u00e9ficiant d\u2019un diagnostic pr\u00e9cis.Nous proposons des devis gratuits, vous assurant une estimation claire et transparente des travaux \u00e0 r\u00e9aliser. Fuit\u2019Eau s\u2019engage \u00e0 vous accompagner \u00e0 chaque \u00e9tape, de l\u2019identification du probl\u00e8me \u00e0 sa r\u00e9solution, pour vous garantir une tranquillit\u00e9 d\u2019esprit face aux impr\u00e9vus.Avec une r\u00e9putation solide fond\u00e9e sur la confiance et la qualit\u00e9 de service, Fuit\u2019Eau est votre partenaire privil\u00e9gi\u00e9 pour faire face aux sinistres li\u00e9s aux d\u00e9g\u00e2ts des eaux.\",\"breadcrumb\":{\"@id\":\"https:\/\/fuiteau.com\/#breadcrumb\"},\"inLanguage\":\"fr-FR\",\"potentialAction\":[{\"@type\":\"ReadAction\",\"target\":[\"https:\/\/fuiteau.com\/\"]}]},{\"@type\":\"BreadcrumbList\",\"@id\":\"https:\/\/fuiteau.com\/#breadcrumb\",\"itemListElement\":[{\"@type\":\"ListItem\",\"position\":1,\"name\":\"Accueil\",\"item\":\"https:\/\/fuiteau.com\/\"},{\"@type\":\"ListItem\",\"position\":2,\"name\":\"Accueil\"}]},{\"@type\":\"WebSite\",\"@id\":\"https:\/\/fuiteau.com\/#website\",\"url\":\"https:\/\/fuiteau.com\/\",\"name\":\"Fuit&#039;Eau\",\"description\":\"Recherche de fuites non destructive\",\"publisher\":{\"@id\":\"https:\/\/fuiteau.com\/#organization\"},\"potentialAction\":[{\"@type\":\"SearchAction\",\"target\":{\"@type\":\"EntryPoint\",\"urlTemplate\":\"https:\/\/fuiteau.com\/?s={search_term_string}\"},\"query-input\":{\"@type\":\"PropertyValueSpecification\",\"valueRequired\":true,\"valueName\":\"search_term_string\"}}],\"inLanguage\":\"fr-FR\"},{\"@type\":\"Organization\",\"@id\":\"https:\/\/fuiteau.com\/#organization\",\"name\":\"Fuit&#039;Eau\",\"url\":\"https:\/\/fuiteau.com\/\",\"logo\":{\"@type\":\"ImageObject\",\"inLanguage\":\"fr-FR\",\"@id\":\"https:\/\/fuiteau.com\/#\/schema\/logo\/image\/\",\"url\":\"https:\/\/fuiteau.com\/wp-content\/uploads\/2024\/04\/Design-sans-titre-2.png\",\"contentUrl\":\"https:\/\/fuiteau.com\/wp-content\/uploads\/2024\/04\/Design-sans-titre-2.png\",\"width\":150,\"height\":150,\"caption\":\"Fuit&#039;Eau\"},\"image\":{\"@id\":\"https:\/\/fuiteau.com\/#\/schema\/logo\/image\/\"}}]}<\/script>\n<!-- \/ Yoast SEO plugin. -->","yoast_head_json":{"title":"Accueil - Fuit&#039;Eau","description":"Fuit\u2019Eau, sous la direction de Marc Paquis, est une entreprise experte dans la d\u00e9tection non destructive des fuites d\u2019eau et la gestion des sinistres li\u00e9s aux d\u00e9g\u00e2ts des eaux. Gr\u00e2ce \u00e0 notre savoir-faire, nous offrons des interventions rapides et efficaces, r\u00e9duisant ainsi les impacts sur votre habitation ou vos locaux professionnels, et nous intervenons dans tout le Grand Est.Notre m\u00e9thode de recherche de fuites est l'un de nos atouts majeurs : elle permet de localiser les fuites sans endommager vos murs ni vos installations. En choisissant Fuit\u2019Eau, vous faites le choix d\u2019une approche respectueuse de votre espace, tout en b\u00e9n\u00e9ficiant d\u2019un diagnostic pr\u00e9cis.Nous proposons des devis gratuits, vous assurant une estimation claire et transparente des travaux \u00e0 r\u00e9aliser. Fuit\u2019Eau s\u2019engage \u00e0 vous accompagner \u00e0 chaque \u00e9tape, de l\u2019identification du probl\u00e8me \u00e0 sa r\u00e9solution, pour vous garantir une tranquillit\u00e9 d\u2019esprit face aux impr\u00e9vus.Avec une r\u00e9putation solide fond\u00e9e sur la confiance et la qualit\u00e9 de service, Fuit\u2019Eau est votre partenaire privil\u00e9gi\u00e9 pour faire face aux sinistres li\u00e9s aux d\u00e9g\u00e2ts des eaux.","robots":{"index":"index","follow":"follow","max-snippet":"max-snippet:-1","max-image-preview":"max-image-preview:large","max-video-preview":"max-video-preview:-1"},"canonical":"https:\/\/fuiteau.com\/","og_locale":"fr_FR","og_type":"article","og_title":"Accueil - Fuit&#039;Eau","og_description":"Fuit\u2019Eau, sous la direction de Marc Paquis, est une entreprise experte dans la d\u00e9tection non destructive des fuites d\u2019eau et la gestion des sinistres li\u00e9s aux d\u00e9g\u00e2ts des eaux. Gr\u00e2ce \u00e0 notre savoir-faire, nous offrons des interventions rapides et efficaces, r\u00e9duisant ainsi les impacts sur votre habitation ou vos locaux professionnels, et nous intervenons dans tout le Grand Est.Notre m\u00e9thode de recherche de fuites est l'un de nos atouts majeurs : elle permet de localiser les fuites sans endommager vos murs ni vos installations. En choisissant Fuit\u2019Eau, vous faites le choix d\u2019une approche respectueuse de votre espace, tout en b\u00e9n\u00e9ficiant d\u2019un diagnostic pr\u00e9cis.Nous proposons des devis gratuits, vous assurant une estimation claire et transparente des travaux \u00e0 r\u00e9aliser. Fuit\u2019Eau s\u2019engage \u00e0 vous accompagner \u00e0 chaque \u00e9tape, de l\u2019identification du probl\u00e8me \u00e0 sa r\u00e9solution, pour vous garantir une tranquillit\u00e9 d\u2019esprit face aux impr\u00e9vus.Avec une r\u00e9putation solide fond\u00e9e sur la confiance et la qualit\u00e9 de service, Fuit\u2019Eau est votre partenaire privil\u00e9gi\u00e9 pour faire face aux sinistres li\u00e9s aux d\u00e9g\u00e2ts des eaux.","og_url":"https:\/\/fuiteau.com\/","og_site_name":"Fuit&#039;Eau","article_modified_time":"2024-10-02T07:29:02+00:00","twitter_card":"summary_large_image","schema":{"@context":"https:\/\/schema.org","@graph":[{"@type":"WebPage","@id":"https:\/\/fuiteau.com\/","url":"https:\/\/fuiteau.com\/","name":"Accueil - Fuit&#039;Eau","isPartOf":{"@id":"https:\/\/fuiteau.com\/#website"},"datePublished":"2024-02-21T13:26:17+00:00","dateModified":"2024-10-02T07:29:02+00:00","description":"Fuit\u2019Eau, sous la direction de Marc Paquis, est une entreprise experte dans la d\u00e9tection non destructive des fuites d\u2019eau et la gestion des sinistres li\u00e9s aux d\u00e9g\u00e2ts des eaux. Gr\u00e2ce \u00e0 notre savoir-faire, nous offrons des interventions rapides et efficaces, r\u00e9duisant ainsi les impacts sur votre habitation ou vos locaux professionnels, et nous intervenons dans tout le Grand Est.Notre m\u00e9thode de recherche de fuites est l'un de nos atouts majeurs : elle permet de localiser les fuites sans endommager vos murs ni vos installations. En choisissant Fuit\u2019Eau, vous faites le choix d\u2019une approche respectueuse de votre espace, tout en b\u00e9n\u00e9ficiant d\u2019un diagnostic pr\u00e9cis.Nous proposons des devis gratuits, vous assurant une estimation claire et transparente des travaux \u00e0 r\u00e9aliser. Fuit\u2019Eau s\u2019engage \u00e0 vous accompagner \u00e0 chaque \u00e9tape, de l\u2019identification du probl\u00e8me \u00e0 sa r\u00e9solution, pour vous garantir une tranquillit\u00e9 d\u2019esprit face aux impr\u00e9vus.Avec une r\u00e9putation solide fond\u00e9e sur la confiance et la qualit\u00e9 de service, Fuit\u2019Eau est votre partenaire privil\u00e9gi\u00e9 pour faire face aux sinistres li\u00e9s aux d\u00e9g\u00e2ts des eaux.","breadcrumb":{"@id":"https:\/\/fuiteau.com\/#breadcrumb"},"inLanguage":"fr-FR","potentialAction":[{"@type":"ReadAction","target":["https:\/\/fuiteau.com\/"]}]},{"@type":"BreadcrumbList","@id":"https:\/\/fuiteau.com\/#breadcrumb","itemListElement":[{"@type":"ListItem","position":1,"name":"Accueil","item":"https:\/\/fuiteau.com\/"},{"@type":"ListItem","position":2,"name":"Accueil"}]},{"@type":"WebSite","@id":"https:\/\/fuiteau.com\/#website","url":"https:\/\/fuiteau.com\/","name":"Fuit&#039;Eau","description":"Recherche de fuites non destructive","publisher":{"@id":"https:\/\/fuiteau.com\/#organization"},"potentialAction":[{"@type":"SearchAction","target":{"@type":"EntryPoint","urlTemplate":"https:\/\/fuiteau.com\/?s={search_term_string}"},"query-input":{"@type":"PropertyValueSpecification","valueRequired":true,"valueName":"search_term_string"}}],"inLanguage":"fr-FR"},{"@type":"Organization","@id":"https:\/\/fuiteau.com\/#organization","name":"Fuit&#039;Eau","url":"https:\/\/fuiteau.com\/","logo":{"@type":"ImageObject","inLanguage":"fr-FR","@id":"https:\/\/fuiteau.com\/#\/schema\/logo\/image\/","url":"https:\/\/fuiteau.com\/wp-content\/uploads\/2024\/04\/Design-sans-titre-2.png","contentUrl":"https:\/\/fuiteau.com\/wp-content\/uploads\/2024\/04\/Design-sans-titre-2.png","width":150,"height":150,"caption":"Fuit&#039;Eau"},"image":{"@id":"https:\/\/fuiteau.com\/#\/schema\/logo\/image\/"}}]}},"_links":{"self":[{"href":"https:\/\/fuiteau.com\/index.php\/wp-json\/wp\/v2\/pages\/39","targetHints":{"allow":["GET"]}}],"collection":[{"href":"https:\/\/fuiteau.com\/index.php\/wp-json\/wp\/v2\/pages"}],"about":[{"href":"https:\/\/fuiteau.com\/index.php\/wp-json\/wp\/v2\/types\/page"}],"author":[{"embeddable":true,"href":"https:\/\/fuiteau.com\/index.php\/wp-json\/wp\/v2\/users\/1"}],"replies":[{"embeddable":true,"href":"https:\/\/fuiteau.com\/index.php\/wp-json\/wp\/v2\/comments?post=39"}],"version-history":[{"count":10,"href":"https:\/\/fuiteau.com\/index.php\/wp-json\/wp\/v2\/pages\/39\/revisions"}],"predecessor-version":[{"id":90,"href":"https:\/\/fuiteau.com\/index.php\/wp-json\/wp\/v2\/pages\/39\/revisions\/90"}],"wp:attachment":[{"href":"https:\/\/fuiteau.com\/index.php\/wp-json\/wp\/v2\/media?parent=39"}],"curies":[{"name":"wp","href":"https:\/\/api.w.org\/{rel}","templated":true}]}}