{"id":320,"date":"2024-09-03T14:57:59","date_gmt":"2024-09-03T12:57:59","guid":{"rendered":"https:\/\/fuiteau.com\/?page_id=320"},"modified":"2024-09-05T16:23:43","modified_gmt":"2024-09-05T14:23:43","slug":"gestionnaires-de-reseau","status":"publish","type":"page","link":"https:\/\/fuiteau.com\/index.php\/gestionnaires-de-reseau\/","title":{"rendered":"Gestionnaires de r\u00e9seau"},"content":{"rendered":"\t\t<div data-elementor-type=\"wp-page\" data-elementor-id=\"320\" class=\"elementor elementor-320\">\n\t\t\t\t\t\t<section class=\"elementor-section elementor-top-section elementor-element elementor-element-6b274d41 elementor-section-boxed elementor-section-height-default elementor-section-height-default\" data-id=\"6b274d41\" data-element_type=\"section\" data-e-type=\"section\" data-settings=\"{&quot;background_background&quot;:&quot;classic&quot;}\">\n\t\t\t\t\t\t<div class=\"elementor-container elementor-column-gap-default\">\n\t\t\t\t\t<div class=\"elementor-column elementor-col-33 elementor-top-column elementor-element elementor-element-6250e8bd\" data-id=\"6250e8bd\" data-element_type=\"column\" data-e-type=\"column\">\n\t\t\t<div class=\"elementor-widget-wrap\">\n\t\t\t\t\t\t\t<\/div>\n\t\t<\/div>\n\t\t\t\t<div class=\"elementor-column elementor-col-33 elementor-top-column elementor-element elementor-element-39da3e61\" data-id=\"39da3e61\" data-element_type=\"column\" data-e-type=\"column\">\n\t\t\t<div class=\"elementor-widget-wrap elementor-element-populated\">\n\t\t\t\t\t\t<div class=\"elementor-element elementor-element-46ab7ffb elementor-widget elementor-widget-elementskit-heading\" data-id=\"46ab7ffb\" data-element_type=\"widget\" data-e-type=\"widget\" data-widget_type=\"elementskit-heading.default\">\n\t\t\t\t<div class=\"elementor-widget-container\">\n\t\t\t\t\t<div class=\"ekit-wid-con\" ><div class=\"ekit-heading elementskit-section-title-wraper center   ekit_heading_tablet-   ekit_heading_mobile-\"><h2 class=\"ekit-heading--title elementskit-section-title \">Gestionnaires de R\u00e9seau<\/h2><\/div><\/div>\t\t\t\t<\/div>\n\t\t\t\t<\/div>\n\t\t\t\t\t<\/div>\n\t\t<\/div>\n\t\t\t\t<div class=\"elementor-column elementor-col-33 elementor-top-column elementor-element elementor-element-7f877b1e\" data-id=\"7f877b1e\" data-element_type=\"column\" data-e-type=\"column\">\n\t\t\t<div class=\"elementor-widget-wrap\">\n\t\t\t\t\t\t\t<\/div>\n\t\t<\/div>\n\t\t\t\t\t<\/div>\n\t\t<\/section>\n\t\t\t\t<section class=\"elementor-section elementor-top-section elementor-element elementor-element-8197f31 elementor-section-boxed elementor-section-height-default elementor-section-height-default\" data-id=\"8197f31\" data-element_type=\"section\" data-e-type=\"section\">\n\t\t\t\t\t\t<div class=\"elementor-container elementor-column-gap-default\">\n\t\t\t\t\t<div class=\"elementor-column elementor-col-100 elementor-top-column elementor-element elementor-element-7a34a2a\" data-id=\"7a34a2a\" data-element_type=\"column\" data-e-type=\"column\">\n\t\t\t<div class=\"elementor-widget-wrap elementor-element-populated\">\n\t\t\t\t\t\t<div class=\"elementor-element elementor-element-92cb4b9 elementor-widget elementor-widget-elementskit-heading\" data-id=\"92cb4b9\" data-element_type=\"widget\" data-e-type=\"widget\" data-widget_type=\"elementskit-heading.default\">\n\t\t\t\t<div class=\"elementor-widget-container\">\n\t\t\t\t\t<div class=\"ekit-wid-con\" ><div class=\"ekit-heading elementskit-section-title-wraper text_center   ekit_heading_tablet-   ekit_heading_mobile-\"><h2 class=\"ekit-heading--title elementskit-section-title \">VOUS \u00caTES UN GESTIONNAIRE DE R\u00c9SEAU<\/h2><h3 class=\"ekit-heading--subtitle elementskit-section-subtitle elementskit-gradient-title \">\n\t\t\t\t\t\tNotre expertise \u00e0 votre service suivant votre secteur d&#039;activit\u00e9\n\t\t\t\t\t<\/h3><\/div><\/div>\t\t\t\t<\/div>\n\t\t\t\t<\/div>\n\t\t\t\t\t<\/div>\n\t\t<\/div>\n\t\t\t\t\t<\/div>\n\t\t<\/section>\n\t\t\t\t<section class=\"elementor-section elementor-top-section elementor-element elementor-element-8597a1f elementor-section-boxed elementor-section-height-default elementor-section-height-default\" data-id=\"8597a1f\" data-element_type=\"section\" data-e-type=\"section\">\n\t\t\t\t\t\t<div class=\"elementor-container elementor-column-gap-default\">\n\t\t\t\t\t<div class=\"elementor-column elementor-col-100 elementor-top-column elementor-element elementor-element-1372d78\" data-id=\"1372d78\" data-element_type=\"column\" data-e-type=\"column\">\n\t\t\t<div class=\"elementor-widget-wrap elementor-element-populated\">\n\t\t\t\t\t\t<section class=\"elementor-section elementor-inner-section elementor-element elementor-element-e4a8b66 elementor-section-boxed elementor-section-height-default elementor-section-height-default\" data-id=\"e4a8b66\" data-element_type=\"section\" data-e-type=\"section\">\n\t\t\t\t\t\t<div class=\"elementor-container elementor-column-gap-default\">\n\t\t\t\t\t<div class=\"elementor-column elementor-col-33 elementor-inner-column elementor-element elementor-element-2ee1b6e\" data-id=\"2ee1b6e\" data-element_type=\"column\" data-e-type=\"column\">\n\t\t\t<div class=\"elementor-widget-wrap elementor-element-populated\">\n\t\t\t\t\t\t<div class=\"elementor-element elementor-element-6251a5f ekit-equal-height-disable elementor-widget elementor-widget-elementskit-icon-box\" data-id=\"6251a5f\" data-element_type=\"widget\" data-e-type=\"widget\" data-widget_type=\"elementskit-icon-box.default\">\n\t\t\t\t<div class=\"elementor-widget-container\">\n\t\t\t\t\t<div class=\"ekit-wid-con\" >        <!-- link opening -->\n                <a href=\"#\" class=\"ekit_global_links\">\n                <!-- end link opening -->\n\n        <div class=\"elementskit-infobox text-left text-left icon-lef-right-aligin elementor-animation- media  \">\n                    <div class=\"elementskit-box-header elementor-animation-\">\n                <div class=\"elementskit-info-box-icon  text-center\">\n                    <i aria-hidden=\"true\" class=\"elementkit-infobox-icon icon icon-construction\"><\/i>\n                <\/div>\n          <\/div>\n                        <div class=\"box-body\">\n                            <h3 class=\"elementskit-info-box-title\">\n                    Travaux Publics                <\/h3>\n                        \t\t  \t<p>Nous effectuons des contr\u00f4les de vos canalisations d\u2019eau et nous d\u00e9tectons les fuites sur vos r\u00e9seaux afin de les marquer avant travaux. Nous pouvons aussi am\u00e9liorer votre connaissance r\u00e9seau.<\/p>\n                                <\/div>\n        \n        \n                <\/div>\n                <\/a>\n        <\/div>\t\t\t\t<\/div>\n\t\t\t\t<\/div>\n\t\t\t\t\t<\/div>\n\t\t<\/div>\n\t\t\t\t<div class=\"elementor-column elementor-col-33 elementor-inner-column elementor-element elementor-element-0e8e2ba\" data-id=\"0e8e2ba\" data-element_type=\"column\" data-e-type=\"column\">\n\t\t\t<div class=\"elementor-widget-wrap elementor-element-populated\">\n\t\t\t\t\t\t<div class=\"elementor-element elementor-element-401e0ca ekit-equal-height-disable elementor-widget elementor-widget-elementskit-icon-box\" data-id=\"401e0ca\" data-element_type=\"widget\" data-e-type=\"widget\" data-widget_type=\"elementskit-icon-box.default\">\n\t\t\t\t<div class=\"elementor-widget-container\">\n\t\t\t\t\t<div class=\"ekit-wid-con\" >        <!-- link opening -->\n                <a href=\"#\" class=\"ekit_global_links\">\n                <!-- end link opening -->\n\n        <div class=\"elementskit-infobox text-left text-left icon-lef-right-aligin elementor-animation- media  \">\n                    <div class=\"elementskit-box-header elementor-animation-\">\n                <div class=\"elementskit-info-box-icon  text-center\">\n                    <i aria-hidden=\"true\" class=\"elementkit-infobox-icon icon icon-drop\"><\/i>\n                <\/div>\n          <\/div>\n                        <div class=\"box-body\">\n                            <h3 class=\"elementskit-info-box-title\">\n                    Propri\u00e9taires de r\u00e9seaux                <\/h3>\n                        \t\t  \t<p>Nous pouvons am\u00e9liorer la performance de vos r\u00e9seaux d'eaux enterr\u00e9s et optimiser la connaissance de vos r\u00e9seaux.<\/p>\n                                <\/div>\n        \n        \n                <\/div>\n                <\/a>\n        <\/div>\t\t\t\t<\/div>\n\t\t\t\t<\/div>\n\t\t\t\t\t<\/div>\n\t\t<\/div>\n\t\t\t\t<div class=\"elementor-column elementor-col-33 elementor-inner-column elementor-element elementor-element-d0644d5\" data-id=\"d0644d5\" data-element_type=\"column\" data-e-type=\"column\">\n\t\t\t<div class=\"elementor-widget-wrap elementor-element-populated\">\n\t\t\t\t\t\t<div class=\"elementor-element elementor-element-71b76b3 ekit-equal-height-disable elementor-widget elementor-widget-elementskit-icon-box\" data-id=\"71b76b3\" data-element_type=\"widget\" data-e-type=\"widget\" data-widget_type=\"elementskit-icon-box.default\">\n\t\t\t\t<div class=\"elementor-widget-container\">\n\t\t\t\t\t<div class=\"ekit-wid-con\" >        <!-- link opening -->\n                <a href=\"#\" class=\"ekit_global_links\">\n                <!-- end link opening -->\n\n        <div class=\"elementskit-infobox text-left text-left icon-lef-right-aligin elementor-animation- media  \">\n                    <div class=\"elementskit-box-header elementor-animation-\">\n                <div class=\"elementskit-info-box-icon  text-center\">\n                    <i aria-hidden=\"true\" class=\"elementkit-infobox-icon icon icon-drop\"><\/i>\n                <\/div>\n          <\/div>\n                        <div class=\"box-body\">\n                            <h3 class=\"elementskit-info-box-title\">\n                    Distributeurs d\u2019eau                <\/h3>\n                        \t\t  \t<p>Nous pouvons am\u00e9liorer la performance de vos r\u00e9seaux d'eaux enterr\u00e9s, ainsi que votre connaissance r\u00e9seau.\nNous pouvons \u00e9galement vous aider \u00e0 r\u00e9duire vos pertes physiques.<\/p>\n                                <\/div>\n        \n        \n                <\/div>\n                <\/a>\n        <\/div>\t\t\t\t<\/div>\n\t\t\t\t<\/div>\n\t\t\t\t\t<\/div>\n\t\t<\/div>\n\t\t\t\t\t<\/div>\n\t\t<\/section>\n\t\t\t\t\t<\/div>\n\t\t<\/div>\n\t\t\t\t\t<\/div>\n\t\t<\/section>\n\t\t\t\t<section class=\"elementor-section elementor-top-section elementor-element elementor-element-4a634fe elementor-section-boxed elementor-section-height-default elementor-section-height-default\" data-id=\"4a634fe\" data-element_type=\"section\" data-e-type=\"section\">\n\t\t\t\t\t\t<div class=\"elementor-container elementor-column-gap-default\">\n\t\t\t\t\t<div class=\"elementor-column elementor-col-100 elementor-top-column elementor-element elementor-element-41d5478\" data-id=\"41d5478\" data-element_type=\"column\" data-e-type=\"column\">\n\t\t\t<div class=\"elementor-widget-wrap elementor-element-populated\">\n\t\t\t\t\t\t<div class=\"elementor-element elementor-element-ec0cd9c elementor-widget elementor-widget-spacer\" data-id=\"ec0cd9c\" data-element_type=\"widget\" data-e-type=\"widget\" data-widget_type=\"spacer.default\">\n\t\t\t\t<div class=\"elementor-widget-container\">\n\t\t\t\t\t\t\t<div class=\"elementor-spacer\">\n\t\t\t<div class=\"elementor-spacer-inner\"><\/div>\n\t\t<\/div>\n\t\t\t\t\t\t<\/div>\n\t\t\t\t<\/div>\n\t\t\t\t\t<\/div>\n\t\t<\/div>\n\t\t\t\t\t<\/div>\n\t\t<\/section>\n\t\t\t\t<section class=\"elementor-section elementor-top-section elementor-element elementor-element-3aedb49 elementor-section-boxed elementor-section-height-default elementor-section-height-default\" data-id=\"3aedb49\" data-element_type=\"section\" data-e-type=\"section\" data-settings=\"{&quot;background_background&quot;:&quot;classic&quot;}\">\n\t\t\t\t\t\t<div class=\"elementor-container elementor-column-gap-default\">\n\t\t\t\t\t<div class=\"elementor-column elementor-col-50 elementor-top-column elementor-element elementor-element-00f60a8\" data-id=\"00f60a8\" data-element_type=\"column\" data-e-type=\"column\">\n\t\t\t<div class=\"elementor-widget-wrap elementor-element-populated\">\n\t\t\t\t\t\t<div class=\"elementor-element elementor-element-673449b elementor-widget__width-initial elementor-widget elementor-widget-elementskit-heading\" data-id=\"673449b\" data-element_type=\"widget\" data-e-type=\"widget\" data-widget_type=\"elementskit-heading.default\">\n\t\t\t\t<div class=\"elementor-widget-container\">\n\t\t\t\t\t<div class=\"ekit-wid-con\" ><div class=\"ekit-heading elementskit-section-title-wraper text_left   ekit_heading_tablet-   ekit_heading_mobile-\"><h2 class=\"ekit-heading--title elementskit-section-title \">B\u00e2timent priv\u00e9 ou public, nous intervenons en toute situation !<\/h2>\t\t\t\t<div class='ekit-heading__description'>\n\t\t\t\t\t<p>Nous avons l'habitude de travailler \u00e9galement dans le secteur public, ne perdez-pas de temps, nous pouvons d\u00e8s \u00e0 pr\u00e9sent vous chiffrer une expertise !<\/p>\n\t\t\t\t<\/div>\n\t\t\t<\/div><\/div>\t\t\t\t<\/div>\n\t\t\t\t<\/div>\n\t\t\t\t\t<\/div>\n\t\t<\/div>\n\t\t\t\t<div class=\"elementor-column elementor-col-50 elementor-top-column elementor-element elementor-element-2376f04\" data-id=\"2376f04\" data-element_type=\"column\" data-e-type=\"column\">\n\t\t\t<div class=\"elementor-widget-wrap elementor-element-populated\">\n\t\t\t\t\t\t<div class=\"elementor-element elementor-element-f69d3a9 elementor-align-right elementor-align--mobilecenter elementor-align--tabletleft elementor-widget elementor-widget-elementskit-button\" data-id=\"f69d3a9\" data-element_type=\"widget\" data-e-type=\"widget\" data-widget_type=\"elementskit-button.default\">\n\t\t\t\t<div class=\"elementor-widget-container\">\n\t\t\t\t\t<div class=\"ekit-wid-con\" >\t\t<div class=\"ekit-btn-wraper\">\n\t\t\t\t\t\t\t<a href=\"mailto:contact@fuiteau.com\" class=\"elementskit-btn  whitespace--normal\" id=\"\">\n\t\t\t\t\tNous contacter !\t\t\t\t<\/a>\n\t\t\t\t\t<\/div>\n        <\/div>\t\t\t\t<\/div>\n\t\t\t\t<\/div>\n\t\t\t\t\t<\/div>\n\t\t<\/div>\n\t\t\t\t\t<\/div>\n\t\t<\/section>\n\t\t\t\t<\/div>\n\t\t","protected":false},"excerpt":{"rendered":"<p>Gestionnaires de R\u00e9seau VOUS \u00caTES UN GESTIONNAIRE DE R\u00c9SEAU Notre expertise \u00e0 votre service suivant votre secteur d&#039;activit\u00e9 Travaux Publics Nous effectuons des contr\u00f4les de vos canalisations d\u2019eau et nous d\u00e9tectons les fuites sur vos r\u00e9seaux afin de les marquer avant travaux. Nous pouvons aussi am\u00e9liorer votre connaissance r\u00e9seau. Propri\u00e9taires de r\u00e9seaux Nous pouvons am\u00e9liorer [&hellip;]<\/p>\n","protected":false},"author":1,"featured_media":0,"parent":0,"menu_order":0,"comment_status":"closed","ping_status":"closed","template":"elementor_header_footer","meta":{"footnotes":""},"class_list":["post-320","page","type-page","status-publish","hentry"],"yoast_head":"<!-- This site is optimized with the Yoast SEO plugin v26.9 - https:\/\/yoast.com\/product\/yoast-seo-wordpress\/ -->\n<title>Gestionnaires de r\u00e9seau - Fuit&#039;Eau<\/title>\n<meta name=\"description\" content=\"Nous sommes sp\u00e9cialis\u00e9s dans le rep\u00e9rage et la cartographie de r\u00e9seaux d\u2019eau. Ainsi que sur la recherche curative de fuites sur un tron\u00e7on ou une section sp\u00e9cifique.\" \/>\n<meta name=\"robots\" content=\"index, follow, max-snippet:-1, max-image-preview:large, max-video-preview:-1\" \/>\n<link rel=\"canonical\" href=\"https:\/\/fuiteau.com\/index.php\/gestionnaires-de-reseau\/\" \/>\n<meta property=\"og:locale\" content=\"fr_FR\" \/>\n<meta property=\"og:type\" content=\"article\" \/>\n<meta property=\"og:title\" content=\"Gestionnaires de r\u00e9seau - Fuit&#039;Eau\" \/>\n<meta property=\"og:description\" content=\"Nous sommes sp\u00e9cialis\u00e9s dans le rep\u00e9rage et la cartographie de r\u00e9seaux d\u2019eau. Ainsi que sur la recherche curative de fuites sur un tron\u00e7on ou une section sp\u00e9cifique.\" \/>\n<meta property=\"og:url\" content=\"https:\/\/fuiteau.com\/index.php\/gestionnaires-de-reseau\/\" \/>\n<meta property=\"og:site_name\" content=\"Fuit&#039;Eau\" \/>\n<meta property=\"article:modified_time\" content=\"2024-09-05T14:23:43+00:00\" \/>\n<meta name=\"twitter:card\" content=\"summary_large_image\" \/>\n<meta name=\"twitter:label1\" content=\"Dur\u00e9e de lecture estim\u00e9e\" \/>\n\t<meta name=\"twitter:data1\" content=\"1 minute\" \/>\n<script type=\"application\/ld+json\" class=\"yoast-schema-graph\">{\"@context\":\"https:\/\/schema.org\",\"@graph\":[{\"@type\":\"WebPage\",\"@id\":\"https:\/\/fuiteau.com\/index.php\/gestionnaires-de-reseau\/\",\"url\":\"https:\/\/fuiteau.com\/index.php\/gestionnaires-de-reseau\/\",\"name\":\"Gestionnaires de r\u00e9seau - Fuit&#039;Eau\",\"isPartOf\":{\"@id\":\"https:\/\/fuiteau.com\/#website\"},\"datePublished\":\"2024-09-03T12:57:59+00:00\",\"dateModified\":\"2024-09-05T14:23:43+00:00\",\"description\":\"Nous sommes sp\u00e9cialis\u00e9s dans le rep\u00e9rage et la cartographie de r\u00e9seaux d\u2019eau. Ainsi que sur la recherche curative de fuites sur un tron\u00e7on ou une section sp\u00e9cifique.\",\"breadcrumb\":{\"@id\":\"https:\/\/fuiteau.com\/index.php\/gestionnaires-de-reseau\/#breadcrumb\"},\"inLanguage\":\"fr-FR\",\"potentialAction\":[{\"@type\":\"ReadAction\",\"target\":[\"https:\/\/fuiteau.com\/index.php\/gestionnaires-de-reseau\/\"]}]},{\"@type\":\"BreadcrumbList\",\"@id\":\"https:\/\/fuiteau.com\/index.php\/gestionnaires-de-reseau\/#breadcrumb\",\"itemListElement\":[{\"@type\":\"ListItem\",\"position\":1,\"name\":\"Accueil\",\"item\":\"https:\/\/fuiteau.com\/\"},{\"@type\":\"ListItem\",\"position\":2,\"name\":\"Gestionnaires de r\u00e9seau\"}]},{\"@type\":\"WebSite\",\"@id\":\"https:\/\/fuiteau.com\/#website\",\"url\":\"https:\/\/fuiteau.com\/\",\"name\":\"Fuit&#039;Eau\",\"description\":\"Recherche de fuites non destructive\",\"publisher\":{\"@id\":\"https:\/\/fuiteau.com\/#organization\"},\"potentialAction\":[{\"@type\":\"SearchAction\",\"target\":{\"@type\":\"EntryPoint\",\"urlTemplate\":\"https:\/\/fuiteau.com\/?s={search_term_string}\"},\"query-input\":{\"@type\":\"PropertyValueSpecification\",\"valueRequired\":true,\"valueName\":\"search_term_string\"}}],\"inLanguage\":\"fr-FR\"},{\"@type\":\"Organization\",\"@id\":\"https:\/\/fuiteau.com\/#organization\",\"name\":\"Fuit&#039;Eau\",\"url\":\"https:\/\/fuiteau.com\/\",\"logo\":{\"@type\":\"ImageObject\",\"inLanguage\":\"fr-FR\",\"@id\":\"https:\/\/fuiteau.com\/#\/schema\/logo\/image\/\",\"url\":\"https:\/\/fuiteau.com\/wp-content\/uploads\/2024\/04\/Design-sans-titre-2.png\",\"contentUrl\":\"https:\/\/fuiteau.com\/wp-content\/uploads\/2024\/04\/Design-sans-titre-2.png\",\"width\":150,\"height\":150,\"caption\":\"Fuit&#039;Eau\"},\"image\":{\"@id\":\"https:\/\/fuiteau.com\/#\/schema\/logo\/image\/\"}}]}<\/script>\n<!-- \/ Yoast SEO plugin. -->","yoast_head_json":{"title":"Gestionnaires de r\u00e9seau - Fuit&#039;Eau","description":"Nous sommes sp\u00e9cialis\u00e9s dans le rep\u00e9rage et la cartographie de r\u00e9seaux d\u2019eau. Ainsi que sur la recherche curative de fuites sur un tron\u00e7on ou une section sp\u00e9cifique.","robots":{"index":"index","follow":"follow","max-snippet":"max-snippet:-1","max-image-preview":"max-image-preview:large","max-video-preview":"max-video-preview:-1"},"canonical":"https:\/\/fuiteau.com\/index.php\/gestionnaires-de-reseau\/","og_locale":"fr_FR","og_type":"article","og_title":"Gestionnaires de r\u00e9seau - Fuit&#039;Eau","og_description":"Nous sommes sp\u00e9cialis\u00e9s dans le rep\u00e9rage et la cartographie de r\u00e9seaux d\u2019eau. Ainsi que sur la recherche curative de fuites sur un tron\u00e7on ou une section sp\u00e9cifique.","og_url":"https:\/\/fuiteau.com\/index.php\/gestionnaires-de-reseau\/","og_site_name":"Fuit&#039;Eau","article_modified_time":"2024-09-05T14:23:43+00:00","twitter_card":"summary_large_image","twitter_misc":{"Dur\u00e9e de lecture estim\u00e9e":"1 minute"},"schema":{"@context":"https:\/\/schema.org","@graph":[{"@type":"WebPage","@id":"https:\/\/fuiteau.com\/index.php\/gestionnaires-de-reseau\/","url":"https:\/\/fuiteau.com\/index.php\/gestionnaires-de-reseau\/","name":"Gestionnaires de r\u00e9seau - Fuit&#039;Eau","isPartOf":{"@id":"https:\/\/fuiteau.com\/#website"},"datePublished":"2024-09-03T12:57:59+00:00","dateModified":"2024-09-05T14:23:43+00:00","description":"Nous sommes sp\u00e9cialis\u00e9s dans le rep\u00e9rage et la cartographie de r\u00e9seaux d\u2019eau. Ainsi que sur la recherche curative de fuites sur un tron\u00e7on ou une section sp\u00e9cifique.","breadcrumb":{"@id":"https:\/\/fuiteau.com\/index.php\/gestionnaires-de-reseau\/#breadcrumb"},"inLanguage":"fr-FR","potentialAction":[{"@type":"ReadAction","target":["https:\/\/fuiteau.com\/index.php\/gestionnaires-de-reseau\/"]}]},{"@type":"BreadcrumbList","@id":"https:\/\/fuiteau.com\/index.php\/gestionnaires-de-reseau\/#breadcrumb","itemListElement":[{"@type":"ListItem","position":1,"name":"Accueil","item":"https:\/\/fuiteau.com\/"},{"@type":"ListItem","position":2,"name":"Gestionnaires de r\u00e9seau"}]},{"@type":"WebSite","@id":"https:\/\/fuiteau.com\/#website","url":"https:\/\/fuiteau.com\/","name":"Fuit&#039;Eau","description":"Recherche de fuites non destructive","publisher":{"@id":"https:\/\/fuiteau.com\/#organization"},"potentialAction":[{"@type":"SearchAction","target":{"@type":"EntryPoint","urlTemplate":"https:\/\/fuiteau.com\/?s={search_term_string}"},"query-input":{"@type":"PropertyValueSpecification","valueRequired":true,"valueName":"search_term_string"}}],"inLanguage":"fr-FR"},{"@type":"Organization","@id":"https:\/\/fuiteau.com\/#organization","name":"Fuit&#039;Eau","url":"https:\/\/fuiteau.com\/","logo":{"@type":"ImageObject","inLanguage":"fr-FR","@id":"https:\/\/fuiteau.com\/#\/schema\/logo\/image\/","url":"https:\/\/fuiteau.com\/wp-content\/uploads\/2024\/04\/Design-sans-titre-2.png","contentUrl":"https:\/\/fuiteau.com\/wp-content\/uploads\/2024\/04\/Design-sans-titre-2.png","width":150,"height":150,"caption":"Fuit&#039;Eau"},"image":{"@id":"https:\/\/fuiteau.com\/#\/schema\/logo\/image\/"}}]}},"_links":{"self":[{"href":"https:\/\/fuiteau.com\/index.php\/wp-json\/wp\/v2\/pages\/320","targetHints":{"allow":["GET"]}}],"collection":[{"href":"https:\/\/fuiteau.com\/index.php\/wp-json\/wp\/v2\/pages"}],"about":[{"href":"https:\/\/fuiteau.com\/index.php\/wp-json\/wp\/v2\/types\/page"}],"author":[{"embeddable":true,"href":"https:\/\/fuiteau.com\/index.php\/wp-json\/wp\/v2\/users\/1"}],"replies":[{"embeddable":true,"href":"https:\/\/fuiteau.com\/index.php\/wp-json\/wp\/v2\/comments?post=320"}],"version-history":[{"count":43,"href":"https:\/\/fuiteau.com\/index.php\/wp-json\/wp\/v2\/pages\/320\/revisions"}],"predecessor-version":[{"id":520,"href":"https:\/\/fuiteau.com\/index.php\/wp-json\/wp\/v2\/pages\/320\/revisions\/520"}],"wp:attachment":[{"href":"https:\/\/fuiteau.com\/index.php\/wp-json\/wp\/v2\/media?parent=320"}],"curies":[{"name":"wp","href":"https:\/\/api.w.org\/{rel}","templated":true}]}}